{"id":17817,"date":"2025-02-03T12:22:45","date_gmt":"2025-02-03T11:22:45","guid":{"rendered":"https:\/\/dev.jardindigital.com\/www.hoteldimmer.com\/etik\/"},"modified":"2025-02-19T11:44:22","modified_gmt":"2025-02-19T10:44:22","slug":"etik-treuekarte","status":"publish","type":"page","link":"https:\/\/www.hoteldimmer.com\/de\/etik-treuekarte\/","title":{"rendered":"Etik-Treuekarte"},"content":{"rendered":"<div id=\"cmsmasters_row_bb47f2d3d6\" class=\"cmsmasters_row cmsmasters_color_scheme_default cmsmasters_row_top_default cmsmasters_row_bot_default cmsmasters_row_boxed\">\n<div class=\"cmsmasters_row_outer_parent\">\n<div class=\"cmsmasters_row_outer\">\n<div class=\"cmsmasters_row_inner\">\n<div class=\"cmsmasters_row_margin\">\n<div id=\"cmsmasters_column_8e96cd72d4\" class=\"cmsmasters_column one_first\">\n<div class=\"cmsmasters_column_inner\"><div id=\"cmsmasters_heading_d2efd40b3c\" class=\"cmsmasters_heading_wrap cmsmasters_heading_align_center\">\n\t<h3 class=\"cmsmasters_heading\">Hotel Dimmer<\/h3>\n<\/div><div id=\"cmsmasters_heading_b36a821605\" class=\"cmsmasters_heading_wrap cmsmasters_heading_align_center\">\n\t<h2 class=\"cmsmasters_heading\">Etik-Treuekarte <\/h2>\n<\/div>\n<\/div><\/div>\n<\/div>\n<\/div>\n<\/div>\n<\/div>\n<\/div>\n<div id=\"cmsmasters_row_rw2d3eqdlb\" class=\"cmsmasters_row cmsmasters_color_scheme_default cmsmasters_row_top_default cmsmasters_row_bot_default cmsmasters_row_boxed\">\n<div class=\"cmsmasters_row_outer_parent\">\n<div class=\"cmsmasters_row_outer\">\n<div class=\"cmsmasters_row_inner\">\n<div class=\"cmsmasters_row_margin\">\n<div id=\"cmsmasters_column_je7yigc5hp\" class=\"cmsmasters_column one_first\">\n<div class=\"cmsmasters_column_inner\"><div class=\"cmsmasters_text\">\n<p>Sammeln Sie Punkte f\u00fcr das Hotel- und Gastst\u00e4ttengewerbe im Hotel Dimmer und profitieren Sie von Treuerabatten.<\/p>\n<p>Beantragen Sie Ihre Etik-Karte an der Rezeption des Hotels Dimmer.<\/p>\n<\/div>\n<div id=\"cmsmasters_divider_bzq5d8go4d\" class=\"cmsmasters_divider cmsmasters_divider_width_short cmsmasters_divider_pos_center\"><\/div>\n<div class=\"aligncenter\"><div class=\"cmsmasters_img  cmsmasters_image_c\"><img decoding=\"async\" src=\"https:\/\/www.hoteldimmer.com\/wp-content\/uploads\/2025\/02\/carte-etik.jpg\" \/><\/div><\/div>\n<div id=\"cmsmasters_divider_hx5ita9d9i\" class=\"cmsmasters_divider cmsmasters_divider_width_short cmsmasters_divider_pos_center\"><\/div>\n<div class=\"cmsmasters_text\">\n<p>Eine G\u00fcltigkeit in allen Einrichtungen des Logis-Netzwerks in Frankreich und Europa.<\/p>\n<p>Wenn Sie regelm\u00e4\u00dfig bei Logis einchecken, ist das Etik-Programm genau das Richtige f\u00fcr Sie!<\/p>\n<p>Profitieren Sie das ganze Jahr \u00fcber von einem herzlichen und pers\u00f6nlichen Empfang in Frankreich, Deutschland, den Niederlanden, Belgien, dem Gro\u00dfherzogtum Luxemburg, Andorra, Spanien, Portugal und Italien.<\/p>\n<\/div>\n\n<div id=\"cmsmasters_divider_0sf1n0ghd\" class=\"cmsmasters_divider cmsmasters_divider_width_short cmsmasters_divider_pos_center\"><\/div>\n<div class=\"aligncenter\"><div class=\"cmsmasters_img  cmsmasters_image_c\"><img decoding=\"async\" src=\"https:\/\/www.hoteldimmer.com\/wp-content\/uploads\/2025\/02\/partout-o-logis.jpg\" \/><\/div><\/div>\n<div id=\"cmsmasters_divider_w4en1cmlgd\" class=\"cmsmasters_divider cmsmasters_divider_width_short cmsmasters_divider_pos_center\"><\/div>\n<div class=\"cmsmasters_text\">\n<p>Sammeln Sie Punkte bei Ihren Gesch\u00e4fts- und Freizeitaufenthalten, in der Hotellerie und Gastronomie, bei allen Aufenthalten bei Logis, Logis d&#8217;Exception, Maison by Logis und Insolite by Logis.<\/p>\n<p>Ab 20 \u20ac, die Sie pro Person bei Ihren Gesch\u00e4fts- und Freizeitaufenthalten f\u00fcr Unterkunft und Verpflegung ausgeben, sammeln Sie Punkte, die Sie in Treuegutscheine umwandeln k\u00f6nnen und die im gesamten Logis-Netzwerk g\u00fcltig sind.<\/p>\n<p>Je \u00f6fter Sie in ein Logis kommen, desto mehr verdienen Sie!<\/p>\n<\/div>\n\n<div id=\"cmsmasters_divider_iy8kd122rq\" class=\"cmsmasters_divider cmsmasters_divider_width_short cmsmasters_divider_pos_center\"><\/div>\n<div class=\"aligncenter\"><div class=\"cmsmasters_img  cmsmasters_image_c\"><img decoding=\"async\" src=\"https:\/\/www.hoteldimmer.com\/wp-content\/uploads\/2025\/02\/toutletemps-o-logis.jpg\" \/><\/div><\/div>\n<div id=\"cmsmasters_divider_md9jvd1jks\" class=\"cmsmasters_divider cmsmasters_divider_width_short cmsmasters_divider_pos_center\"><\/div>\n<div class=\"cmsmasters_text\">\n<p>Wandeln Sie Ihre Punkte in Treue-Schecks um, die im gesamten Logis-Netzwerk g\u00fcltig sind.<\/p>\n<p>Sobald Sie die Schwelle von 1400 Punkten erreicht haben, k\u00f6nnen Sie einen Treue-Scheck \u00fcber 15 \u20ac erhalten.<\/p>\n<p>Sie k\u00f6nnen auch weiter Punkte sammeln, um bis zu 120 \u20ac Treuerabatt zu erhalten!<\/p>\n<p>Sie k\u00f6nnen sich auch daf\u00fcr entscheiden, Ihre Treuegutscheine an Ihre Lieben zu verschenken, um sie einzuladen, die Logis-Hotels, -Ferienh\u00e4user, -Ferienwohnungen und -H\u00fctten zu entdecken.<\/p>\n<\/div>\n\n<div id=\"cmsmasters_divider_lyv8d8twk\" class=\"cmsmasters_divider cmsmasters_divider_width_short cmsmasters_divider_pos_center\"><\/div>\n<div class=\"aligncenter\"><div class=\"cmsmasters_img  cmsmasters_image_c\"><img decoding=\"async\" src=\"https:\/\/www.hoteldimmer.com\/wp-content\/uploads\/2025\/02\/concretement-o-logis.jpg\" \/><\/div><\/div>\n<\/div><\/div>\n<\/div>\n<\/div>\n<\/div>\n<\/div>\n<\/div>\n\n","protected":false},"excerpt":{"rendered":"","protected":false},"author":1,"featured_media":0,"parent":0,"menu_order":0,"comment_status":"closed","ping_status":"closed","template":"","meta":{"footnotes":""},"class_list":["post-17817","page","type-page","status-publish","hentry"],"_links":{"self":[{"href":"https:\/\/www.hoteldimmer.com\/de\/wp-json\/wp\/v2\/pages\/17817","targetHints":{"allow":["GET"]}}],"collection":[{"href":"https:\/\/www.hoteldimmer.com\/de\/wp-json\/wp\/v2\/pages"}],"about":[{"href":"https:\/\/www.hoteldimmer.com\/de\/wp-json\/wp\/v2\/types\/page"}],"author":[{"embeddable":true,"href":"https:\/\/www.hoteldimmer.com\/de\/wp-json\/wp\/v2\/users\/1"}],"replies":[{"embeddable":true,"href":"https:\/\/www.hoteldimmer.com\/de\/wp-json\/wp\/v2\/comments?post=17817"}],"version-history":[{"count":4,"href":"https:\/\/www.hoteldimmer.com\/de\/wp-json\/wp\/v2\/pages\/17817\/revisions"}],"predecessor-version":[{"id":17962,"href":"https:\/\/www.hoteldimmer.com\/de\/wp-json\/wp\/v2\/pages\/17817\/revisions\/17962"}],"wp:attachment":[{"href":"https:\/\/www.hoteldimmer.com\/de\/wp-json\/wp\/v2\/media?parent=17817"}],"curies":[{"name":"wp","href":"https:\/\/api.w.org\/{rel}","templated":true}]}}