{"id":17842,"date":"2025-02-03T08:02:53","date_gmt":"2025-02-03T07:02:53","guid":{"rendered":"https:\/\/dev.jardindigital.com\/www.hoteldimmer.com\/hotel\/"},"modified":"2025-02-19T12:06:04","modified_gmt":"2025-02-19T11:06:04","slug":"hotel","status":"publish","type":"page","link":"https:\/\/www.hoteldimmer.com\/de\/hotel\/","title":{"rendered":"Hotel"},"content":{"rendered":"<div id=\"cmsmasters_row_bb47f2d3d6\" class=\"cmsmasters_row cmsmasters_color_scheme_default cmsmasters_row_top_default cmsmasters_row_bot_default cmsmasters_row_boxed\">\n<div class=\"cmsmasters_row_outer_parent\">\n<div class=\"cmsmasters_row_outer\">\n<div class=\"cmsmasters_row_inner\">\n<div class=\"cmsmasters_row_margin\">\n<div id=\"cmsmasters_column_8e96cd72d4\" class=\"cmsmasters_column one_first\">\n<div class=\"cmsmasters_column_inner\"><div id=\"cmsmasters_heading_d2efd40b3c\" class=\"cmsmasters_heading_wrap cmsmasters_heading_align_center\">\n\t<h3 class=\"cmsmasters_heading\">Hotel Dimmer<\/h3>\n<\/div><div id=\"cmsmasters_heading_b36a821605\" class=\"cmsmasters_heading_wrap cmsmasters_heading_align_center\">\n\t<h2 class=\"cmsmasters_heading\">Zimmer<\/h2>\n<\/div>\n<div id=\"portfolio_d3f4161054\" class=\"cmsmasters_wrap_portfolio entry-summary\" data-layout=\"grid\" data-layout-mode=\"perfect\" data-url=\"https:\/\/www.hoteldimmer.com\/wp-content\/plugins\/cmsmasters-content-composer\/\" data-orderby=\"date\" data-order=\"ASC\" data-count=\"6\" data-categories=\"general\" data-metadata=\"title,price\"><div class=\"portfolio grid large_gap perfect cmsmasters_3\"><!-- Start Project Grid Article -->\n<article id=\"post-17976\" class=\"cmsmasters_project_grid post-17976 project type-project status-publish format-standard has-post-thumbnail hentry pj-categs-general\" data-category=\"general\">\n\t<div class=\"project_outer\">\n\t<div class=\"project_img_wrap\"><figure class=\"cmsmasters_img_rollover_wrap preloader\"><img loading=\"lazy\" decoding=\"async\" width=\"580\" height=\"420\" src=\"https:\/\/www.hoteldimmer.com\/wp-content\/uploads\/2025\/01\/superieure-1-580x420.jpg\" class=\"full-width wp-post-image\" alt=\"Superior Doppelzimmer\" title=\"superieure-1\" \/><a href=\"https:\/\/www.hoteldimmer.com\/de\/project\/superior-doppelzimmer\/\" title=\"Superior Doppelzimmer\" class=\"cmsmasters_open_link\"><\/a><\/figure><\/div><header class=\"cmsmasters_project_header entry-header\"><h3 class=\"cmsmasters_project_title entry-title\"><a href=\"https:\/\/www.hoteldimmer.com\/de\/project\/superior-doppelzimmer\/\">Superior Doppelzimmer<\/a><\/h3><\/header><div class=\"cmsmasters_project_cont_info_wrapper\"><span class=\"cmsmasters_project_price\">84,00 \u20ac pro Person und Nacht.<\/span><\/div><span class=\"dn meta-date\">20250128133049<\/span>\t<\/div>\n<\/article>\n<!-- Finish Project Grid Article -->\n\n<!-- Start Project Grid Article -->\n<article id=\"post-17991\" class=\"cmsmasters_project_grid post-17991 project type-project status-publish format-standard has-post-thumbnail hentry pj-categs-general\" data-category=\"general\">\n\t<div class=\"project_outer\">\n\t<div class=\"project_img_wrap\"><figure class=\"cmsmasters_img_rollover_wrap preloader\"><img loading=\"lazy\" decoding=\"async\" width=\"580\" height=\"420\" src=\"https:\/\/www.hoteldimmer.com\/wp-content\/uploads\/2025\/01\/confort-de-charme-1-580x420.jpg\" class=\"full-width wp-post-image\" alt=\"Komfortklasse Doppelzimmer\" title=\"confort-de-charme-1\" \/><a href=\"https:\/\/www.hoteldimmer.com\/de\/project\/komfortklasse-doppelzimmer\/\" title=\"Komfortklasse Doppelzimmer\" class=\"cmsmasters_open_link\"><\/a><\/figure><\/div><header class=\"cmsmasters_project_header entry-header\"><h3 class=\"cmsmasters_project_title entry-title\"><a href=\"https:\/\/www.hoteldimmer.com\/de\/project\/komfortklasse-doppelzimmer\/\">Komfortklasse Doppelzimmer<\/a><\/h3><\/header><div class=\"cmsmasters_project_cont_info_wrapper\"><span class=\"cmsmasters_project_price\">69,50 \u20ac pro Person und Nacht.<\/span><\/div><span class=\"dn meta-date\">20250128165734<\/span>\t<\/div>\n<\/article>\n<!-- Finish Project Grid Article -->\n\n<!-- Start Project Grid Article -->\n<article id=\"post-18003\" class=\"cmsmasters_project_grid post-18003 project type-project status-publish format-standard has-post-thumbnail hentry pj-categs-general\" data-category=\"general\">\n\t<div class=\"project_outer\">\n\t<div class=\"project_img_wrap\"><figure class=\"cmsmasters_img_rollover_wrap preloader\"><img loading=\"lazy\" decoding=\"async\" width=\"580\" height=\"420\" src=\"https:\/\/www.hoteldimmer.com\/wp-content\/uploads\/2025\/01\/hotel-dimmer-doppelzimmer-mit-balkon-2026-02-580x420.jpg\" class=\"full-width wp-post-image\" alt=\"Komfort Doppelzimmer mit Balkon\" title=\"hotel-dimmer-doppelzimmer-mit-balkon-2026-02\" \/><a href=\"https:\/\/www.hoteldimmer.com\/de\/project\/komfort-doppelzimmer-mit-balkon\/\" title=\"Komfort Doppelzimmer mit Balkon\" class=\"cmsmasters_open_link\"><\/a><\/figure><\/div><header class=\"cmsmasters_project_header entry-header\"><h3 class=\"cmsmasters_project_title entry-title\"><a href=\"https:\/\/www.hoteldimmer.com\/de\/project\/komfort-doppelzimmer-mit-balkon\/\">Komfort Doppelzimmer mit Balkon<\/a><\/h3><\/header><div class=\"cmsmasters_project_cont_info_wrapper\"><span class=\"cmsmasters_project_price\">79,5 \u20ac pro Person und Nacht.<\/span><\/div><span class=\"dn meta-date\">20250129121825<\/span>\t<\/div>\n<\/article>\n<!-- Finish Project Grid Article -->\n\n<!-- Start Project Grid Article -->\n<article id=\"post-18482\" class=\"cmsmasters_project_grid post-18482 project type-project status-publish format-standard has-post-thumbnail hentry pj-categs-general\" data-category=\"general\">\n\t<div class=\"project_outer\">\n\t<div class=\"project_img_wrap\"><figure class=\"cmsmasters_img_rollover_wrap preloader\"><img loading=\"lazy\" decoding=\"async\" width=\"580\" height=\"420\" src=\"https:\/\/www.hoteldimmer.com\/wp-content\/uploads\/2026\/03\/maison-hotes-580x420.jpg\" class=\"full-width wp-post-image\" alt=\"Balkonzimmer im G\u00e4stehaus\" title=\"maison-hotes\" \/><a href=\"https:\/\/www.hoteldimmer.com\/de\/project\/balkonzimmer-im-gaestehaus\/\" title=\"Balkonzimmer im G\u00e4stehaus\" class=\"cmsmasters_open_link\"><\/a><\/figure><\/div><header class=\"cmsmasters_project_header entry-header\"><h3 class=\"cmsmasters_project_title entry-title\"><a href=\"https:\/\/www.hoteldimmer.com\/de\/project\/balkonzimmer-im-gaestehaus\/\">Balkonzimmer im G\u00e4stehaus<\/a><\/h3><\/header><div class=\"cmsmasters_project_cont_info_wrapper\"><span class=\"cmsmasters_project_price\">74,50 \u20ac par personne et par nuit.<\/span><\/div><span class=\"dn meta-date\">20260313093802<\/span>\t<\/div>\n<\/article>\n<!-- Finish Project Grid Article -->\n\n<\/div><\/div>\n<\/div><\/div>\n<\/div>\n<\/div>\n<\/div>\n<\/div>\n<\/div>\n<div id=\"cmsmasters_row_rw2d3eqdlb\" class=\"cmsmasters_row cmsmasters_color_scheme_default cmsmasters_row_top_default cmsmasters_row_bot_default cmsmasters_row_boxed\">\n<div class=\"cmsmasters_row_outer_parent\">\n<div class=\"cmsmasters_row_outer\">\n<div class=\"cmsmasters_row_inner\">\n<div class=\"cmsmasters_row_margin\">\n<div id=\"cmsmasters_column_je7yigc5hp\" class=\"cmsmasters_column one_third\">\n<div class=\"cmsmasters_column_inner\"><div class=\"cmsmasters_img  cmsmasters_image_n\"><a href=\"https:\/\/www.hoteldimmer.com\/wp-content\/uploads\/2025\/01\/confort-de-charme-1.jpg\" rel=\"ilightbox[img_69e06d84f1875]\"><img decoding=\"async\" src=\"https:\/\/www.hoteldimmer.com\/wp-content\/uploads\/2025\/01\/confort-de-charme-1-1024x683.jpg\" \/><\/a><\/div>\n<\/div><\/div>\n<div id=\"cmsmasters_column_tjyx0svkfj\" class=\"cmsmasters_column two_third\">\n<div class=\"cmsmasters_column_inner\"><div class=\"cmsmasters_text\">\n<p>31 Zimmer mit Sat-TV und Flachbildschirm, Internet, Minibar, Safe, Telefon, Sitzecke, Schreibtischecke, Heizung.<\/p>\n<p>Badezimmer mit Dusche, WC und kostenlosen Toilettenartikeln.<\/p>\n<p>Die Doppelkomfort- oder Superior-Zimmer verf\u00fcgen \u00fcber einen Balkon, eine Kaffeemaschine, einen Kosmetikspiegel und einen Haartrockner im Badezimmer.<\/p>\n<p>Kinderbett auf Anfrage erh\u00e4ltlich.<\/p>\n<\/div>\n<\/div><\/div>\n<\/div>\n<\/div>\n<\/div>\n<\/div>\n<\/div>\n<div id=\"cmsmasters_row_tzci0kxk7u\" class=\"cmsmasters_row cmsmasters_color_scheme_default cmsmasters_row_top_default cmsmasters_row_bot_default cmsmasters_row_boxed\">\n<div class=\"cmsmasters_row_outer_parent\">\n<div class=\"cmsmasters_row_outer\">\n<div class=\"cmsmasters_row_inner\">\n<div class=\"cmsmasters_row_margin\">\n<div id=\"cmsmasters_column_2nfq5hlgvn\" class=\"cmsmasters_column two_third\">\n<div class=\"cmsmasters_column_inner\"><div class=\"cmsmasters_text\">\n<p>Restaurant, Bar, Terrasse, Garten, kostenloses WLAN im gesamten Hotel, Aufzug.<\/p>\n<p>Wellnessbereich mit Sauna, T\u00fcrkischem Bad, warmen und hei\u00dfen B\u00e4dern, Massageduschen, Fitnessraum, Solarium, Tennisplatz.<\/p>\n<p>Kostenlose \u00f6ffentliche Parkpl\u00e4tze auf dem Gel\u00e4nde f\u00fcr Autos, Parkpl\u00e4tze f\u00fcr Motorr\u00e4der und Fahrradgarage.<\/p>\n<p>Ladestation f\u00fcr Elektroautos.<br \/>\n2 Stellpl\u00e4tze sind speziell auf dem Privatparkplatz des Hotels eingerichtet.<br \/>\nPauschale f\u00fcr den Ladeservice: 20 \u20ac, unabh\u00e4ngig von der Intensit\u00e4t des Ladevorgangs. Stromverbrauch in dieser Pauschale inbegriffen.<\/p>\n<\/div>\n<\/div><\/div>\n<div id=\"cmsmasters_column_9xdb3x335\" class=\"cmsmasters_column one_third\">\n<div class=\"cmsmasters_column_inner\"><div class=\"cmsmasters_img  cmsmasters_image_n\"><a href=\"https:\/\/www.hoteldimmer.com\/wp-content\/uploads\/2025\/02\/restaurant2a.jpg\" rel=\"ilightbox[img_69e06d84f1ed5]\"><img decoding=\"async\" src=\"https:\/\/www.hoteldimmer.com\/wp-content\/uploads\/2025\/02\/restaurant2a-1024x681.jpg\" \/><\/a><\/div>\n<\/div><\/div>\n<\/div>\n<\/div>\n<\/div>\n<\/div>\n<\/div>\n<div id=\"cmsmasters_row_izwj3o8j1\" class=\"cmsmasters_row cmsmasters_color_scheme_default cmsmasters_row_top_default cmsmasters_row_bot_default cmsmasters_row_boxed\">\n<div class=\"cmsmasters_row_outer_parent\">\n<div class=\"cmsmasters_row_outer\">\n<div class=\"cmsmasters_row_inner\">\n<div class=\"cmsmasters_row_margin\">\n<div id=\"cmsmasters_column_5044gh156\" class=\"cmsmasters_column one_third\">\n<div class=\"cmsmasters_column_inner\"><div class=\"cmsmasters_img  cmsmasters_image_n\"><a href=\"https:\/\/www.hoteldimmer.com\/wp-content\/uploads\/2025\/02\/servicesdimmer.jpg\" rel=\"ilightbox[img_69e06d84f2463]\"><img decoding=\"async\" src=\"https:\/\/www.hoteldimmer.com\/wp-content\/uploads\/2025\/02\/servicesdimmer.jpg\" \/><\/a><\/div>\n<\/div><\/div>\n<div id=\"cmsmasters_column_tjv5l3a3r\" class=\"cmsmasters_column two_third\">\n<div class=\"cmsmasters_column_inner\"><div class=\"cmsmasters_text\">\n<p>Tagungs- und Bankettr\u00e4ume, Lunchpakete, Informationsschalter f\u00fcr Ausfl\u00fcge, Chemische Reinigung.<\/p>\n<p>Zeitungen, Fax- u. Fotokopierservice.<\/p>\n<p>Schnelles Ein- und Auschecken, Gep\u00e4ckaufbewahrung.<\/p>\n<p>Fahrradverleih.<\/p>\n<\/div>\n<\/div><\/div>\n<\/div>\n<\/div>\n<\/div>\n<\/div>\n<\/div>\n<div id=\"cmsmasters_row_nfbcnyf0wh\" class=\"cmsmasters_row cmsmasters_color_scheme_default cmsmasters_row_top_default cmsmasters_row_bot_default cmsmasters_row_boxed\">\n<div class=\"cmsmasters_row_outer_parent\">\n<div class=\"cmsmasters_row_outer\">\n<div class=\"cmsmasters_row_inner\">\n<div class=\"cmsmasters_row_margin\">\n<div id=\"cmsmasters_column_b6jxn244w6\" class=\"cmsmasters_column two_third\">\n<div class=\"cmsmasters_column_inner\"><div class=\"cmsmasters_text\">\n<p>Urspr\u00fcnglich betrieb Peter Dimmer 1871 ein Gasthaus und eine Eisenwarenhandlung.<\/p>\n<p>Die Pension wurde in den 1970er Jahren durch die Einrichtung weiterer Zimmer erweitert.<\/p>\n<p>Im Jahr 1987 erwarb das Hotel das benachbarte Geb\u00e4ude des ehemaligen Bahnhofs \u201ePrince Henri\u201c.<\/p>\n<p>Das Hotel wurde 2001 und 2018 renoviert.<\/p>\n<p>Heute wird es von den Br\u00fcdern Fran\u00e7ois und Jean-Paul Dimmer geleitet, die die Familientradition fortf\u00fchren.<\/p>\n<\/div>\n<\/div><\/div>\n<div id=\"cmsmasters_column_xtcxkxr9n\" class=\"cmsmasters_column one_third\">\n<div class=\"cmsmasters_column_inner\"><div class=\"cmsmasters_img  cmsmasters_image_n\"><a href=\"https:\/\/www.hoteldimmer.com\/wp-content\/uploads\/2025\/02\/geschichte.jpg\" rel=\"ilightbox[img_69e06d84f2b48]\"><img decoding=\"async\" src=\"https:\/\/www.hoteldimmer.com\/wp-content\/uploads\/2025\/02\/geschichte.jpg\" \/><\/a><\/div>\n<\/div><\/div>\n<\/div>\n<\/div>\n<\/div>\n<\/div>\n<\/div>\n<div id=\"cmsmasters_row_g3fjohtvct\" class=\"cmsmasters_row cmsmasters_color_scheme_default cmsmasters_row_top_default cmsmasters_row_bot_default cmsmasters_row_boxed\">\n<div class=\"cmsmasters_row_outer_parent\">\n<div class=\"cmsmasters_row_outer\">\n<div class=\"cmsmasters_row_inner\">\n<div class=\"cmsmasters_row_margin\">\n<div id=\"cmsmasters_column_7jwz6uhnuj\" class=\"cmsmasters_column one_first\">\n<div class=\"cmsmasters_column_inner\"><div id=\"cmsmasters_button_93cw92f5vl\" class=\"button_wrap\"><a href=\"https:\/\/premium.logishotels.com\/fo\/booking\/233\/5577\/dates\" class=\"cmsmasters_button\" target=\"_blank\"><span>Buchen Sie<\/span><\/a><\/div>\n<\/div><\/div>\n<\/div>\n<\/div>\n<\/div>\n<\/div>\n<\/div>\n\n","protected":false},"excerpt":{"rendered":"","protected":false},"author":1,"featured_media":0,"parent":0,"menu_order":0,"comment_status":"closed","ping_status":"closed","template":"","meta":{"footnotes":""},"class_list":["post-17842","page","type-page","status-publish","hentry"],"_links":{"self":[{"href":"https:\/\/www.hoteldimmer.com\/de\/wp-json\/wp\/v2\/pages\/17842","targetHints":{"allow":["GET"]}}],"collection":[{"href":"https:\/\/www.hoteldimmer.com\/de\/wp-json\/wp\/v2\/pages"}],"about":[{"href":"https:\/\/www.hoteldimmer.com\/de\/wp-json\/wp\/v2\/types\/page"}],"author":[{"embeddable":true,"href":"https:\/\/www.hoteldimmer.com\/de\/wp-json\/wp\/v2\/users\/1"}],"replies":[{"embeddable":true,"href":"https:\/\/www.hoteldimmer.com\/de\/wp-json\/wp\/v2\/comments?post=17842"}],"version-history":[{"count":3,"href":"https:\/\/www.hoteldimmer.com\/de\/wp-json\/wp\/v2\/pages\/17842\/revisions"}],"predecessor-version":[{"id":17973,"href":"https:\/\/www.hoteldimmer.com\/de\/wp-json\/wp\/v2\/pages\/17842\/revisions\/17973"}],"wp:attachment":[{"href":"https:\/\/www.hoteldimmer.com\/de\/wp-json\/wp\/v2\/media?parent=17842"}],"curies":[{"name":"wp","href":"https:\/\/api.w.org\/{rel}","templated":true}]}}