{"id":17855,"date":"2025-02-03T13:13:04","date_gmt":"2025-02-03T12:13:04","guid":{"rendered":"https:\/\/dev.jardindigital.com\/www.hoteldimmer.com\/mentions-legales\/"},"modified":"2025-02-19T12:59:48","modified_gmt":"2025-02-19T11:59:48","slug":"impressum","status":"publish","type":"page","link":"https:\/\/www.hoteldimmer.com\/de\/impressum\/","title":{"rendered":"Impressum"},"content":{"rendered":"<div id=\"cmsmasters_row_bb47f2d3d6\" class=\"cmsmasters_row cmsmasters_color_scheme_default cmsmasters_row_top_default cmsmasters_row_bot_default cmsmasters_row_boxed\">\n<div class=\"cmsmasters_row_outer_parent\">\n<div class=\"cmsmasters_row_outer\">\n<div class=\"cmsmasters_row_inner\">\n<div class=\"cmsmasters_row_margin\">\n<div id=\"cmsmasters_column_8e96cd72d4\" class=\"cmsmasters_column one_first\">\n<div class=\"cmsmasters_column_inner\"><div id=\"cmsmasters_heading_d2efd40b3c\" class=\"cmsmasters_heading_wrap cmsmasters_heading_align_center\">\n\t<h3 class=\"cmsmasters_heading\">Hotel Dimmer<\/h3>\n<\/div><div id=\"cmsmasters_heading_b36a821605\" class=\"cmsmasters_heading_wrap cmsmasters_heading_align_center\">\n\t<h2 class=\"cmsmasters_heading\">Impressum<\/h2>\n<\/div>\n<\/div><\/div>\n<\/div>\n<\/div>\n<\/div>\n<\/div>\n<\/div>\n<div id=\"cmsmasters_row_rw2d3eqdlb\" class=\"cmsmasters_row cmsmasters_color_scheme_default cmsmasters_row_top_default cmsmasters_row_bot_default cmsmasters_row_boxed\">\n<div class=\"cmsmasters_row_outer_parent\">\n<div class=\"cmsmasters_row_outer\">\n<div class=\"cmsmasters_row_inner\">\n<div class=\"cmsmasters_row_margin\">\n<div id=\"cmsmasters_column_je7yigc5hp\" class=\"cmsmasters_column one_third\">\n<div class=\"cmsmasters_column_inner\"><div class=\"cmsmasters_text\">\n<p style=\"text-align: right;\"><strong>VERANTWORTLICHER HERAUSGEBER<\/strong><\/p>\n<\/div>\n<\/div><\/div>\n<div id=\"cmsmasters_column_817ktrentf\" class=\"cmsmasters_column two_third\">\n<div class=\"cmsmasters_column_inner\"><div class=\"cmsmasters_text\">\n<p>HOTEL RESTAURANT DIMMER SARL<\/p>\n<div>Herr Jean-Paul Dimmer<\/div>\n<div>Grenzwee, 2-4<br \/>\nL-9392 Wallendorf-Pont<\/div>\n<p>MwSt.-ID: LU 19143888<br \/>\nRegistrierungsnummer im Handels- und Gesellschaftsregister von Luxemburg : B96878<\/p>\n<\/div>\n<\/div><\/div>\n<\/div>\n<\/div>\n<\/div>\n<\/div>\n<\/div>\n<div id=\"cmsmasters_row_tnsseb6i0i\" class=\"cmsmasters_row cmsmasters_color_scheme_default cmsmasters_row_top_default cmsmasters_row_bot_default cmsmasters_row_boxed\">\n<div class=\"cmsmasters_row_outer_parent\">\n<div class=\"cmsmasters_row_outer\">\n<div class=\"cmsmasters_row_inner\">\n<div class=\"cmsmasters_row_margin\">\n<div id=\"cmsmasters_column_697cri11xg\" class=\"cmsmasters_column one_third\">\n<div class=\"cmsmasters_column_inner\"><div class=\"cmsmasters_text\">\n<p style=\"text-align: right;\"><strong>RECHTLICHES HINWEIS<\/strong><\/p>\n<\/div>\n<\/div><\/div>\n<div id=\"cmsmasters_column_k368ny9vua\" class=\"cmsmasters_column two_third\">\n<div class=\"cmsmasters_column_inner\"><div class=\"cmsmasters_text\">\n<p>Die Informationen auf dieser Website wurden mit gr\u00f6\u00dftm\u00f6glicher Sorgfalt zusammengestellt. Sie werden st\u00e4ndig gepr\u00fcft und aktualisiert. F\u00fcr die Korrektheit, Aktualit\u00e4t und Vollst\u00e4ndigkeit der enthaltenen Informationen kann dennoch keine Haftung oder Garantie \u00fcbernommen werden. Jegliche Haftung f\u00fcr Sch\u00e4den, die direkt oder indirekt aus Benutzung dieser Website entstehen, wird ausgeschlossen, sofern diese nicht auf Vorsatz oder grober Fahrl\u00e4ssigkeit beruhen. Sofern von dieser Website per Hyperlink auf andere Internetseiten verwiesen wird, die von Dritten betrieben werden, \u00fcbernimmt die Hotel Restaurant Dimmer S\u00e0rl keine Verantwortung f\u00fcr die Inhalte.<\/p>\n<p>Die Hotel Restaurant Dimmer S\u00e0rl beh\u00e4lt sich das Recht vor, jederzeit \u00c4nderungen und Erg\u00e4nzungen der bereitgestellten Informationen vorzunehmen.<\/p>\n<p>Alle Rechte vorbehalten. Texte und Bilder sowie deren Anordnung auf der Hotel Restaurant Dimmer S\u00e0rl \u2013 Website unterliegen dem Schutz des Urheberrechts und anderen Schutzgesetzen. Der Inhalt dieser Website darf nicht zu kommerziellen Zwecken kopiert, verbreitet, ver\u00e4ndert oder Dritten zug\u00e4nglich gemacht werden.<\/p>\n<p>Wallendorf-Pont, Februar 2025<\/p>\n<\/div>\n<\/div><\/div>\n<\/div>\n<\/div>\n<\/div>\n<\/div>\n<\/div>\n<div id=\"cmsmasters_row_lj30r8ftmv\" class=\"cmsmasters_row cmsmasters_color_scheme_default cmsmasters_row_top_default cmsmasters_row_bot_default cmsmasters_row_boxed\">\n<div class=\"cmsmasters_row_outer_parent\">\n<div class=\"cmsmasters_row_outer\">\n<div class=\"cmsmasters_row_inner\">\n<div class=\"cmsmasters_row_margin\">\n<div id=\"cmsmasters_column_ew5itzn3f\" class=\"cmsmasters_column one_third\">\n<div class=\"cmsmasters_column_inner\"><div class=\"cmsmasters_text\">\n<p style=\"text-align: right;\"><strong>WEBDESIGN &amp; REALISIERUNG :<\/strong><\/p>\n<\/div>\n<\/div><\/div>\n<div id=\"cmsmasters_column_q6ystt4w0p\" class=\"cmsmasters_column two_third\">\n<div class=\"cmsmasters_column_inner\"><div class=\"cmsmasters_text\">\n<p>Die Designagentur \u2013 Leifgen |\u00a0<a href=\"https:\/\/www.designagentur.be\/\">www.designagentur.be<\/a><\/p>\n<\/div>\n<\/div><\/div>\n<\/div>\n<\/div>\n<\/div>\n<\/div>\n<\/div>\n<div id=\"cmsmasters_row_f75dvz7vfk\" class=\"cmsmasters_row cmsmasters_color_scheme_default cmsmasters_row_top_default cmsmasters_row_bot_default cmsmasters_row_boxed\">\n<div class=\"cmsmasters_row_outer_parent\">\n<div class=\"cmsmasters_row_outer\">\n<div class=\"cmsmasters_row_inner\">\n<div class=\"cmsmasters_row_margin\">\n<div id=\"cmsmasters_column_r5vu18wkm\" class=\"cmsmasters_column one_third\">\n<div class=\"cmsmasters_column_inner\"><div class=\"cmsmasters_text\">\n<p style=\"text-align: right;\"><strong>WEBHOSTING :<\/strong><\/p>\n<\/div>\n<\/div><\/div>\n<div id=\"cmsmasters_column_dhebn19w8\" class=\"cmsmasters_column two_third\">\n<div class=\"cmsmasters_column_inner\"><div class=\"cmsmasters_text\">\n<p>IT4ALL by skylineNetworkservices |\u00a0<a href=\"https:\/\/www.sns.lu\/\" target=\"_blank\" rel=\"noopener\">www.sns.lu<\/a><\/p>\n<\/div>\n<\/div><\/div>\n<\/div>\n<\/div>\n<\/div>\n<\/div>\n<\/div>\n\n","protected":false},"excerpt":{"rendered":"","protected":false},"author":1,"featured_media":0,"parent":0,"menu_order":0,"comment_status":"closed","ping_status":"closed","template":"","meta":{"footnotes":""},"class_list":["post-17855","page","type-page","status-publish","hentry"],"_links":{"self":[{"href":"https:\/\/www.hoteldimmer.com\/de\/wp-json\/wp\/v2\/pages\/17855","targetHints":{"allow":["GET"]}}],"collection":[{"href":"https:\/\/www.hoteldimmer.com\/de\/wp-json\/wp\/v2\/pages"}],"about":[{"href":"https:\/\/www.hoteldimmer.com\/de\/wp-json\/wp\/v2\/types\/page"}],"author":[{"embeddable":true,"href":"https:\/\/www.hoteldimmer.com\/de\/wp-json\/wp\/v2\/users\/1"}],"replies":[{"embeddable":true,"href":"https:\/\/www.hoteldimmer.com\/de\/wp-json\/wp\/v2\/comments?post=17855"}],"version-history":[{"count":4,"href":"https:\/\/www.hoteldimmer.com\/de\/wp-json\/wp\/v2\/pages\/17855\/revisions"}],"predecessor-version":[{"id":18026,"href":"https:\/\/www.hoteldimmer.com\/de\/wp-json\/wp\/v2\/pages\/17855\/revisions\/18026"}],"wp:attachment":[{"href":"https:\/\/www.hoteldimmer.com\/de\/wp-json\/wp\/v2\/media?parent=17855"}],"curies":[{"name":"wp","href":"https:\/\/api.w.org\/{rel}","templated":true}]}}