{"id":17889,"date":"2025-02-03T09:45:07","date_gmt":"2025-02-03T08:45:07","guid":{"rendered":"https:\/\/dev.jardindigital.com\/www.hoteldimmer.com\/restaurant\/"},"modified":"2026-03-12T14:11:36","modified_gmt":"2026-03-12T13:11:36","slug":"restaurant","status":"publish","type":"page","link":"https:\/\/www.hoteldimmer.com\/de\/restaurant\/","title":{"rendered":"Restaurant"},"content":{"rendered":"<div id=\"cmsmasters_row_bb47f2d3d6\" class=\"cmsmasters_row cmsmasters_color_scheme_default cmsmasters_row_top_default cmsmasters_row_bot_default cmsmasters_row_boxed\">\n<div class=\"cmsmasters_row_outer_parent\">\n<div class=\"cmsmasters_row_outer\">\n<div class=\"cmsmasters_row_inner\">\n<div class=\"cmsmasters_row_margin\">\n<div id=\"cmsmasters_column_8e96cd72d4\" class=\"cmsmasters_column one_first\">\n<div class=\"cmsmasters_column_inner\"><div id=\"cmsmasters_heading_d2efd40b3c\" class=\"cmsmasters_heading_wrap cmsmasters_heading_align_center\">\n\t<h3 class=\"cmsmasters_heading\">Hotel Dimmer<\/h3>\n<\/div><div id=\"cmsmasters_heading_b36a821605\" class=\"cmsmasters_heading_wrap cmsmasters_heading_align_center\">\n\t<h2 class=\"cmsmasters_heading\">Restaurant<\/h2>\n<\/div>\n<\/div><\/div>\n<\/div>\n<\/div>\n<\/div>\n<\/div>\n<\/div>\n<div id=\"cmsmasters_row_rw2d3eqdlb\" class=\"cmsmasters_row cmsmasters_color_scheme_default cmsmasters_row_top_default cmsmasters_row_bot_default cmsmasters_row_boxed\">\n<div class=\"cmsmasters_row_outer_parent\">\n<div class=\"cmsmasters_row_outer\">\n<div class=\"cmsmasters_row_inner\">\n<div class=\"cmsmasters_row_margin\">\n<div id=\"cmsmasters_column_je7yigc5hp\" class=\"cmsmasters_column one_third\">\n<div class=\"cmsmasters_column_inner\"><div class=\"cmsmasters_img  cmsmasters_image_n\"><a href=\"https:\/\/www.hoteldimmer.com\/wp-content\/uploads\/2025\/02\/restaurant2a.jpg\" rel=\"ilightbox[img_69e0691fc91de]\"><img decoding=\"async\" src=\"https:\/\/www.hoteldimmer.com\/wp-content\/uploads\/2025\/02\/restaurant2a.jpg\" \/><\/a><\/div>\n<\/div><\/div>\n<div id=\"cmsmasters_column_tjyx0svkfj\" class=\"cmsmasters_column two_third\">\n<div class=\"cmsmasters_column_inner\"><div class=\"cmsmasters_text\">\n<p><strong>Das Restaurant ist von Mitte Februar bis Mitte November t\u00e4glich von 12:00 bis 21:00 Uhr ge\u00f6ffnet.<\/strong><\/p>\n<p>Wir bieten Ihnen eine Speisekarte mit Fleisch- und Fischgerichten, aber auch mit luxemburgischen und saisonalen Spezialit\u00e4ten.<\/p>\n<p>Der Chefkoch stellt auch ein Tagesmen\u00fc zusammen.<\/p>\n<p>Wir verf\u00fcgen \u00fcber eine Weinkarte mit franz\u00f6sischen und luxemburgischen Weinen.<\/p>\n<\/div>\n<div id=\"cmsmasters_button_6ze6v597p\" class=\"button_wrap\"><a href=\"https:\/\/www.hoteldimmer.com\/de\/unsere-karten\/\" class=\"cmsmasters_button cmsmasters-icon-custom-minibar\"><span>Unsere Karten<\/span><\/a><\/div>\n<\/div><\/div>\n<\/div>\n<\/div>\n<\/div>\n<\/div>\n<\/div>\n<div id=\"cmsmasters_row_tzci0kxk7u\" class=\"cmsmasters_row cmsmasters_color_scheme_default cmsmasters_row_top_default cmsmasters_row_bot_default cmsmasters_row_boxed\">\n<div class=\"cmsmasters_row_outer_parent\">\n<div class=\"cmsmasters_row_outer\">\n<div class=\"cmsmasters_row_inner\">\n<div class=\"cmsmasters_row_margin\">\n<div id=\"cmsmasters_column_2nfq5hlgvn\" class=\"cmsmasters_column two_third\">\n<div class=\"cmsmasters_column_inner\"><div class=\"cmsmasters_text\">\n<p>Unser Hotel verf\u00fcgt \u00fcber eine Terrasse mit 40 Sitzpl\u00e4tzen, die im Sommer ge\u00f6ffnet ist und einen Blick auf das Sauertal bietet.<\/p>\n<p>Sie k\u00f6nnen auf der Terrasse auch ein Getr\u00e4nk zu sich nehmen.<\/p>\n<\/div>\n<\/div><\/div>\n<div id=\"cmsmasters_column_9xdb3x335\" class=\"cmsmasters_column one_third\">\n<div class=\"cmsmasters_column_inner\"><div class=\"cmsmasters_img  cmsmasters_image_n\"><a href=\"https:\/\/www.hoteldimmer.com\/wp-content\/uploads\/2025\/02\/restaurant-2.jpg\" rel=\"ilightbox[img_69e0691fc9b23]\"><img decoding=\"async\" src=\"https:\/\/www.hoteldimmer.com\/wp-content\/uploads\/2025\/02\/restaurant-2.jpg\" \/><\/a><\/div>\n<\/div><\/div>\n<\/div>\n<\/div>\n<\/div>\n<\/div>\n<\/div>\n<div id=\"cmsmasters_row_izwj3o8j1\" class=\"cmsmasters_row cmsmasters_color_scheme_default cmsmasters_row_top_default cmsmasters_row_bot_default cmsmasters_row_boxed\">\n<div class=\"cmsmasters_row_outer_parent\">\n<div class=\"cmsmasters_row_outer\">\n<div class=\"cmsmasters_row_inner\">\n<div class=\"cmsmasters_row_margin\">\n<div id=\"cmsmasters_column_5044gh156\" class=\"cmsmasters_column one_third\">\n<div class=\"cmsmasters_column_inner\"><div class=\"cmsmasters_img  cmsmasters_image_n\"><a href=\"https:\/\/www.hoteldimmer.com\/wp-content\/uploads\/2025\/02\/restaurant-3.jpg\" rel=\"ilightbox[img_69e0691fc9f33]\"><img decoding=\"async\" src=\"https:\/\/www.hoteldimmer.com\/wp-content\/uploads\/2025\/02\/restaurant-3.jpg\" \/><\/a><\/div>\n<\/div><\/div>\n<div id=\"cmsmasters_column_tjv5l3a3r\" class=\"cmsmasters_column two_third\">\n<div class=\"cmsmasters_column_inner\"><div class=\"cmsmasters_text\">\n<p>Wir k\u00f6nnen das Essen f\u00fcr jede Art von Empfang organisieren: Hochzeit, Kommunion, Familienfeiern, Seminare.<\/p>\n<p>Wir k\u00f6nnen 130 Personen f\u00fcr Ihre Veranstaltung aufnehmen.<\/p>\n<\/div>\n<div id=\"cmsmasters_button_93cw92f5vl\" class=\"button_wrap\"><a href=\"https:\/\/www.hoteldimmer.com\/de\/kontakt\/\" class=\"cmsmasters_button\" target=\"_blank\"><span>Kontaktieren Sie uns<\/span><\/a><\/div>\n<\/div><\/div>\n<\/div>\n<\/div>\n<\/div>\n<\/div>\n<\/div>\n<div id=\"cmsmasters_row_nfbcnyf0wh\" class=\"cmsmasters_row cmsmasters_color_scheme_default cmsmasters_row_top_default cmsmasters_row_bot_default cmsmasters_row_boxed\">\n<div class=\"cmsmasters_row_outer_parent\">\n<div class=\"cmsmasters_row_outer\">\n<div class=\"cmsmasters_row_inner\">\n<div class=\"cmsmasters_row_margin\">\n<div id=\"cmsmasters_column_b6jxn244w6\" class=\"cmsmasters_column one_half\">\n<div class=\"cmsmasters_column_inner\"><div class=\"cmsmasters_text\">\n<p><strong>Wir stellen auch unser eigenes Bier her.<\/strong><\/p>\n<\/div>\n<\/div><\/div>\n<div id=\"cmsmasters_column_xtcxkxr9n\" class=\"cmsmasters_column one_half\">\n<div class=\"cmsmasters_column_inner\"><div class=\"cmsmasters_img  cmsmasters_image_n\"><a href=\"https:\/\/www.hoteldimmer.com\/wp-content\/uploads\/2025\/02\/restaurant-4.jpg\" rel=\"ilightbox[img_69e0691fca51f]\"><img decoding=\"async\" src=\"https:\/\/www.hoteldimmer.com\/wp-content\/uploads\/2025\/02\/restaurant-4.jpg\" \/><\/a><\/div>\n<\/div><\/div>\n<\/div>\n<\/div>\n<\/div>\n<\/div>\n<\/div>\n\n","protected":false},"excerpt":{"rendered":"","protected":false},"author":1,"featured_media":0,"parent":0,"menu_order":0,"comment_status":"closed","ping_status":"closed","template":"","meta":{"footnotes":""},"class_list":["post-17889","page","type-page","status-publish","hentry"],"_links":{"self":[{"href":"https:\/\/www.hoteldimmer.com\/de\/wp-json\/wp\/v2\/pages\/17889","targetHints":{"allow":["GET"]}}],"collection":[{"href":"https:\/\/www.hoteldimmer.com\/de\/wp-json\/wp\/v2\/pages"}],"about":[{"href":"https:\/\/www.hoteldimmer.com\/de\/wp-json\/wp\/v2\/types\/page"}],"author":[{"embeddable":true,"href":"https:\/\/www.hoteldimmer.com\/de\/wp-json\/wp\/v2\/users\/1"}],"replies":[{"embeddable":true,"href":"https:\/\/www.hoteldimmer.com\/de\/wp-json\/wp\/v2\/comments?post=17889"}],"version-history":[{"count":3,"href":"https:\/\/www.hoteldimmer.com\/de\/wp-json\/wp\/v2\/pages\/17889\/revisions"}],"predecessor-version":[{"id":18350,"href":"https:\/\/www.hoteldimmer.com\/de\/wp-json\/wp\/v2\/pages\/17889\/revisions\/18350"}],"wp:attachment":[{"href":"https:\/\/www.hoteldimmer.com\/de\/wp-json\/wp\/v2\/media?parent=17889"}],"curies":[{"name":"wp","href":"https:\/\/api.w.org\/{rel}","templated":true}]}}